{"id":7180,"date":"2019-07-03T00:19:23","date_gmt":"2019-07-03T00:19:23","guid":{"rendered":"https:\/?page_id=7180"},"modified":"2025-04-05T19:24:43","modified_gmt":"2025-04-05T19:24:43","slug":"esal","status":"publish","type":"page","link":"https:\/\/fundacionprosperarconstructiva.com\/?page_id=7180","title":{"rendered":"ESAL"},"content":{"rendered":"<p>DOCUMENTOS PERMANENCIA ESAL<\/p>\n<p>De acuerdo a las disposiciones de la Direcci\u00f3n de Impuestos y Aduanas Nacionales &#8211; DIAN para requerir la Solicitud de Permanencia y Calificaci\u00f3n en el R\u00e9gimen Tributario Especial de las Entidades sin Animo de Lucro\u00a0 ESAL. nos permitimos presentar a la sociedad civil los siguientes documentos de la Fundaci\u00f3n:<\/p>\n<p>A\u00f1o 2025:<\/p>\n<ul>\n<li><a href=\"https:\/\/fundacionprosperarconstructiva.com\/wp-content\/uploads\/2017\/07\/1-CERTIFICACION-DONDE-SE-INDICA-NOMBRES-Y-CARGOS-DIRECTIVAS-FUNDACION.pdf\">1. CERTIFICACION DONDE SE INDICA NOMBRES Y CARGOS DIRECTIVAS FUNDACION<\/a><\/li>\n<li><a href=\"https:\/\/fundacionprosperarconstructiva.com\/wp-content\/uploads\/2017\/07\/2-INFORME-ANUAL-DE-RESULTADOS-2024-ESAL-DIAN.pdf\">2. INFORME ANUAL DE RESULTADOS 2024 ESAL DIAN<\/a><\/li>\n<li><a href=\"https:\/\/fundacionprosperarconstructiva.com\/wp-content\/uploads\/2017\/07\/3-ESTADOS-FINANCIEROS-NIIF-2024-2023-FUNDACION-PROSPERAR.pdf\">3. ESTADOS FINANCIEROS NIIF 2024 2023 FUNDACION PROSPERAR<\/a><\/li>\n<li><a href=\"https:\/\/fundacionprosperarconstructiva.com\/wp-content\/uploads\/2017\/07\/4-CERTIFICACION-DE-REQUISITOS-DE-REPRESENTANTE-LEGAL.pdf\">4. CERTIFICACION DE REQUISITOS DE REPRESENTANTE LEGAL<\/a><\/li>\n<li><a href=\"https:\/\/fundacionprosperarconstructiva.com\/wp-content\/uploads\/2017\/07\/5-Certificado-Antecedentes-Fundadores.pdf\">5. CERTIFICADO ANTECEDENTES FUNDADORES<\/a><\/li>\n<li><a href=\"https:\/\/fundacionprosperarconstructiva.com\/wp-content\/uploads\/2017\/07\/52451002563615-esal-2025-Fundacion.pdf\">6. 52451002563615 ESAL 2025 FUNDACI\u00d3N<\/a><\/li>\n<li><a href=\"https:\/\/fundacionprosperarconstructiva.com\/wp-content\/uploads\/2017\/07\/ACTA-ASAMBLEA-N-27-29-DE-MARZO-DE-2025.pdf\">7. ACTA ASAMBLEA N 27 29 DE MARZO DE 2025<\/a><\/li>\n<\/ul>\n<p>A\u00f1o 2024:<\/p>\n<ul>\n<li><a href=\"https:\/\/fundacionprosperarconstructiva.com\/wp-content\/uploads\/2017\/07\/1-Cumplimiento-Requisitos-Fundacion-Prosperar.pdf\">1. CUMPLIMIENTO REQUISITOS FUNDACION PROSPERAR<\/a><\/li>\n<li><a href=\"https:\/\/fundacionprosperarconstructiva.com\/wp-content\/uploads\/2017\/07\/2-Certificado-Antecedentes-Fundadores-Fundacion-Prosperar.pdf\">2. CERTIFICADO ANTECEDENTES FUNDADORES FUNDACION PROSPERAR<\/a><\/li>\n<li><a href=\"https:\/\/fundacionprosperarconstructiva.com\/wp-content\/uploads\/2017\/07\/3-Certificacion-Directivas-Fundacion-Prosperar.pdf\">3. CERTIFICACION DIRECTIVAS FUNDACION PROSPERAR<\/a><\/li>\n<li><a href=\"https:\/\/fundacionprosperarconstructiva.com\/wp-content\/uploads\/2017\/07\/4.INFORME-GESTION-FUNDACION-PROSPERAR-CONSTRUCTIVA-2023.pdf\">4. INFORME GESTION FUNDACION PROSPERAR CONSTRUCTIVA 2023<\/a><\/li>\n<li><a href=\"https:\/\/fundacionprosperarconstructiva.com\/wp-content\/uploads\/2017\/07\/5-ACTA-ASAMBLEA-25-DEL-22-DE-MARZO-2024.pdf\">5. ACTA ASAMBLEA\u00a0 #25 DEL\u00a0 22 DE MARZO 2024<\/a><\/li>\n<li><a href=\"https:\/\/fundacionprosperarconstructiva.com\/wp-content\/uploads\/2017\/07\/ESTADOS-FINANCIEROS-NIIF-2023-2022-FUNDACION-PROSPERAR-v1.pdf\">6. ESTADOS FINANCIEROS NIIF 2023 2022 FUNDACION PROSPERAR V1<\/a><\/li>\n<li><a href=\"https:\/\/fundacionprosperarconstructiva.com\/wp-content\/uploads\/2017\/07\/RUT-FUNDACION-PROSPERAR-CONSTRUCTIVA.pdf\">7. RUT FUNDACION PROSPERAR CONSTRUCTIVA<\/a><\/li>\n<\/ul>\n<p>A\u00f1o 2023:<\/p>\n<ul>\n<li><a href=\"https:\/\/fundacionprosperarconstructiva.com\/wp-content\/uploads\/2017\/07\/1.-Cumplimiento-requisitos-4.2-2023.pdf\">1. CUMPLIMIENTO DE REQUISITOS 4.2<\/a><\/li>\n<li><a href=\"https:\/\/fundacionprosperarconstructiva.com\/wp-content\/uploads\/2017\/07\/2.-Certificado-antecedentes-Fundadores-4.3-2023.pdf\">2. CERTIFICADO ANTECEDENTES FUNDADORES 4.3<\/a><\/li>\n<li><a href=\"https:\/\/fundacionprosperarconstructiva.com\/wp-content\/uploads\/2017\/07\/3.-Certificacion-directivas-fundacion-4.4-2023.pdf\">3. CERTIFICACION DIRECTIVAS FUNDACION 4.4<\/a><\/li>\n<li><a href=\"https:\/\/fundacionprosperarconstructiva.com\/wp-content\/uploads\/2017\/07\/4.-INFORME-DE-GESTION-2022-2023.pdf\">4. INFORME DE GESTION 2022<\/a><\/li>\n<li><a href=\"https:\/\/fundacionprosperarconstructiva.com\/wp-content\/uploads\/2017\/07\/5.-ACTA-ASAMBELA-GENERAL-N-24-2023.pdf\">5. ACTA ASAMBELA GENERAL N 24<\/a><\/li>\n<li><a href=\"https:\/\/fundacionprosperarconstructiva.com\/wp-content\/uploads\/2017\/07\/6.-ESTADOS-FINANCIEROS-NIIF-2022-2021-FUNDACION-PROSPERAR-2023.pdf\">6. ESTADOS FINANCIEROS NIIF 2022 2021 FUNDACION PROSPERAR<\/a><\/li>\n<li><a href=\"https:\/\/fundacionprosperarconstructiva.com\/wp-content\/uploads\/2017\/07\/7.-RUT-FUNDACION-2023.pdf\">7. RUT FUNDACION<\/a><\/li>\n<\/ul>\n<p>A\u00f1o 2022:<\/p>\n<ul>\n<li><a href=\"https:\/\/fundacionprosperarconstructiva.com\/wp-content\/uploads\/2017\/07\/1.-CUMPLIMIENTO-REQUISITOS-4.2.pdf\">1. CUMPLIMIENTO REQUISITOS 4.2<\/a><\/li>\n<li><a href=\"https:\/\/fundacionprosperarconstructiva.com\/wp-content\/uploads\/2017\/07\/2.-CERTIFICACION-ANTECEDENTES-FUNDADORES-4.3.pdf\">2. CERTIFICACION ANTECEDENTES FUNDADORES 4.3<\/a><\/li>\n<li><a href=\"https:\/\/fundacionprosperarconstructiva.com\/wp-content\/uploads\/2017\/07\/3.-ACTA-DE-ASAMBLEA-GENERAL-N-23-2022-4.4.pdf\">3. ACTA DE ASAMBLEA GENERAL N 23 2022 4.4<\/a><\/li>\n<li><a href=\"https:\/\/fundacionprosperarconstructiva.com\/wp-content\/uploads\/2017\/07\/4.-CERTIFICACION-DIRECTIVAS-FUNDACION-4.6.pdf\">4. CERTIFICACION DIRECTIVAS FUNDACION 4.6<\/a><\/li>\n<li><a href=\"https:\/\/fundacionprosperarconstructiva.com\/wp-content\/uploads\/2017\/07\/5.-52451001731779-F-5245-RENOVACION-FUNDACION-ESAL-2022.pdf\">5. 52451001731779 F-5245 RENOVACION FUNDACION ESAL 2022<\/a><\/li>\n<li><a href=\"https:\/\/fundacionprosperarconstructiva.com\/wp-content\/uploads\/2017\/07\/6-.-100066005428002-F-2530-FUNDACION-2022.pdf\">6. 100066005428002 F-2530 FUNDACION 2022<\/a><\/li>\n<li><a href=\"https:\/\/fundacionprosperarconstructiva.com\/wp-content\/uploads\/2017\/07\/7.-100066005428381-F-2531-FUNDACION-2022.pdf\">7. 100066005428381 F-2531 FUNDACION 2022<\/a><\/li>\n<li><a href=\"https:\/\/fundacionprosperarconstructiva.com\/wp-content\/uploads\/2017\/07\/8.-ESTADOS-FINANCIEROS-NIIF-2021-2020-FUNDACION-PROSPERAR-Y-NOTAS.pdf\">8. ESTADOS FINANCIEROS NIIF 2021 2020 FUNDACION PROSPERAR Y NOTAS<\/a><\/li>\n<li><a href=\"https:\/\/fundacionprosperarconstructiva.com\/wp-content\/uploads\/2017\/07\/9.-INFORME-DE-GESTION-2021.pdf\">9. INFORME DE GESTION 2021<\/a><\/li>\n<\/ul>\n<p>A\u00f1o 2021:<\/p>\n<ul>\n<li><a href=\"https:\/\/fundacionprosperarconstructiva.com\/wp-content\/uploads\/2017\/07\/1-INFORME-DE-GESTION-2020-FUNDACION-PROSPERAR-CONSTRUCTIVA-ESAL-DIAN.pdf\">1. INFORME DE GESTION 2020\u00a0 FUNDACION PROSPERAR CONSTRUCTIVA ESAL DIAN<\/a><\/li>\n<li><a href=\"https:\/\/fundacionprosperarconstructiva.com\/wp-content\/uploads\/2017\/07\/2.-CERTIFICACION-ANTECEDENTES-FUNDADORES.pdf\">2. CERTIFICACION ANTECEDENTES FUNDADORES<\/a><\/li>\n<li><a href=\"https:\/\/fundacionprosperarconstructiva.com\/wp-content\/uploads\/2017\/07\/3.-CERTIFICACION-DIRECTIVAS-FUNDACION.pdf\">3. CERTIFICACION DIRECTIVAS FUNDACION<\/a><\/li>\n<li><a href=\"https:\/\/fundacionprosperarconstructiva.com\/wp-content\/uploads\/2017\/07\/4.-ACTA-DE-ASAMBLEA-GENERAL-N-22-2021.pdf\">4. ACTA DE ASAMBLEA GENERAL N 22 2021<\/a><\/li>\n<li><a href=\"https:\/\/fundacionprosperarconstructiva.com\/wp-content\/uploads\/2017\/07\/ACTUALIZACION-DIAN-ESAL-2021.pdf\">5. ACTUALIZACION DIAN\u00a0 ESAL 2021<\/a><\/li>\n<li><a href=\"https:\/\/fundacionprosperarconstructiva.com\/wp-content\/uploads\/2017\/07\/ESTADOS-FINANCIEROS-2020-2019-NOTAS.pdf\">6. ESTADOS FINANCIEROS 2020 2019 NOTAS<\/a><\/li>\n<li><a href=\"https:\/\/fundacionprosperarconstructiva.com\/wp-content\/uploads\/2017\/07\/RUT-ACTUALIZADO-FUNDACION-2021.pdf\">7. RUT ACTUALIZADO FUNDACION 2021<\/a><\/li>\n<\/ul>\n<p>A\u00f1o 2020:<\/p>\n<ul>\n<li><a href=\"https:\/\/fundacionprosperarconstructiva.com\/wp-content\/uploads\/2017\/07\/1.-CERTIFICACION-CUMPLIMIENTO-REQUSITOS.pdf\">1. CERTIFICACION CUMPLIMIENTO REQUSITOS<\/a><\/li>\n<li><a href=\"https:\/\/fundacionprosperarconstructiva.com\/wp-content\/uploads\/2017\/07\/2-CERTIFICACION-DIRECTIVAS-DE-LA-FUNDACION.pdf\">2. CERTIFICACION DIRECTIVAS DE LA FUNDACION<\/a><\/li>\n<li><a href=\"https:\/\/fundacionprosperarconstructiva.com\/wp-content\/uploads\/2017\/07\/3-CERTIFICACION-ANTECEDENTES-DIRECTIVAS-DE-LA-FUNDACION.pdf\">3. CERTIFICACION ANTECEDENTES DIRECTIVAS DE LA FUNDACION<\/a><\/li>\n<li><a href=\"https:\/\/fundacionprosperarconstructiva.com\/wp-content\/uploads\/2017\/07\/4-ACTA-ASAMBLEA-GENERAL-EXTRAORDINARIA-No-21-del-29-febrero-2020..pdf\">4. ACTA\u00a0 ASAMBLEA GENERAL EXTRAORDINARIA No 21 del 29 febrero\u00a0 2020<\/a><\/li>\n<li><a href=\"https:\/\/fundacionprosperarconstructiva.com\/wp-content\/uploads\/2017\/07\/5-ESTADOS-FINANCIEROS-FUNDACION-NIIF-2019-DIC-2018-DIC-Y-NOTAS.pdf\">5. ESTADOS FINANCIEROS FUNDACION NIIF 2019\u00a0 DIC -2018 DIC Y NOTAS<\/a><\/li>\n<li><a href=\"https:\/\/fundacionprosperarconstructiva.com\/wp-content\/uploads\/2017\/07\/6-52451000899055-f5245-a\u00f1o-2020.pdf\">6. 52451000899055 f5245 a\u00f1o 2020<\/a><\/li>\n<\/ul>\n<p>A\u00f1o 2019:<\/p>\n<ul>\n<li><a href=\"https:\/\/fundacionprosperarconstructiva.com\/wp-content\/uploads\/2017\/07\/52451000606237-F5245-ESAL-2019-1.pdf\" target=\"_blank\" rel=\"noopener noreferrer\">1. PERMANENCIA 2019 FORMULARIO 5245<\/a><\/li>\n<li><a href=\"https:\/\/fundacionprosperarconstructiva.com\/wp-content\/uploads\/2017\/07\/Certificaci\u00f3n-Directivas-Fundaci\u00f3n-1.pdf\" target=\"_blank\" rel=\"noopener noreferrer\">2. CERTIFICACI\u00d3N DIRECTIVAS FUNDACI\u00d3N<\/a><\/li>\n<li><a href=\"https:\/\/fundacionprosperarconstructiva.com\/wp-content\/uploads\/2017\/07\/Cumplimiento-Requisitos-1.pdf\" target=\"_blank\" rel=\"noopener noreferrer\">3. CUMPLIMIENTO REQUISITOS<\/a><\/li>\n<li><a href=\"https:\/\/fundacionprosperarconstructiva.com\/wp-content\/uploads\/2017\/07\/Certificaci\u00f3n-antecedentes-fundadores-1.pdf\" target=\"_blank\" rel=\"noopener noreferrer\">4. CERTIFICACI\u00d3N ANTECEDENTES FUNDADORES<\/a><\/li>\n<li><a href=\"https:\/\/fundacionprosperarconstructiva.com\/wp-content\/uploads\/2017\/07\/Acta-asamblea-general-1.pdf\" target=\"_blank\" rel=\"noopener noreferrer\">5. ACTA ASAMBLEA GENERAL<\/a><\/li>\n<li><a href=\"https:\/\/fundacionprosperarconstructiva.com\/wp-content\/uploads\/2017\/07\/ESTADOS-FINANCIEROS-2018-1.pdf\" target=\"_blank\" rel=\"noopener noreferrer\">6. ESTADOS FINANCIEROS 2018<\/a><\/li>\n<li><a href=\"https:\/\/fundacionprosperarconstructiva.com\/wp-content\/uploads\/2017\/07\/SA19172325C3941-certificacion-existencia-y-representacion-legal-1.pdf\" target=\"_blank\" rel=\"noopener noreferrer\">7. CERTIFICACI\u00d3N EXISTENCIA Y REPRESENTACI\u00d3N LEGAL<\/a><\/li>\n<li><a href=\"https:\/\/fundacionprosperarconstructiva.com\/wp-content\/uploads\/2017\/07\/Informe-anual-de-resultados-2018-1.pdf\" target=\"_blank\" rel=\"noopener noreferrer\">8. INFORME ANUAL DE RESULTADOS 2018<\/a><\/li>\n<\/ul>\n","protected":false},"excerpt":{"rendered":"<p>DOCUMENTOS PERMANENCIA ESAL De acuerdo a las disposiciones de la Direcci\u00f3n de Impuestos y Aduanas Nacionales &#8211; DIAN para requerir la Solicitud de Permanencia y Calificaci\u00f3n en el R\u00e9gimen Tributario Especial de las Entidades sin Animo de Lucro\u00a0 ESAL. nos permitimos presentar a la sociedad civil los siguientes documentos de la Fundaci\u00f3n: A\u00f1o 2025: 1&#8230;.<\/p>\n","protected":false},"author":1,"featured_media":0,"parent":0,"menu_order":1,"comment_status":"closed","ping_status":"closed","template":"","meta":{"_monsterinsights_skip_tracking":false,"_monsterinsights_sitenote_active":false,"_monsterinsights_sitenote_note":"","_monsterinsights_sitenote_category":0,"footnotes":""},"class_list":["post-7180","page","type-page","status-publish","hentry"],"_links":{"self":[{"href":"https:\/\/fundacionprosperarconstructiva.com\/index.php?rest_route=\/wp\/v2\/pages\/7180"}],"collection":[{"href":"https:\/\/fundacionprosperarconstructiva.com\/index.php?rest_route=\/wp\/v2\/pages"}],"about":[{"href":"https:\/\/fundacionprosperarconstructiva.com\/index.php?rest_route=\/wp\/v2\/types\/page"}],"author":[{"embeddable":true,"href":"https:\/\/fundacionprosperarconstructiva.com\/index.php?rest_route=\/wp\/v2\/users\/1"}],"replies":[{"embeddable":true,"href":"https:\/\/fundacionprosperarconstructiva.com\/index.php?rest_route=%2Fwp%2Fv2%2Fcomments&post=7180"}],"version-history":[{"count":7,"href":"https:\/\/fundacionprosperarconstructiva.com\/index.php?rest_route=\/wp\/v2\/pages\/7180\/revisions"}],"predecessor-version":[{"id":7257,"href":"https:\/\/fundacionprosperarconstructiva.com\/index.php?rest_route=\/wp\/v2\/pages\/7180\/revisions\/7257"}],"wp:attachment":[{"href":"https:\/\/fundacionprosperarconstructiva.com\/index.php?rest_route=%2Fwp%2Fv2%2Fmedia&parent=7180"}],"curies":[{"name":"wp","href":"https:\/\/api.w.org\/{rel}","templated":true}]}}