{"id":7162,"date":"2018-04-27T19:54:04","date_gmt":"2018-04-27T19:54:04","guid":{"rendered":"https:\/?page_id=7162"},"modified":"2018-04-27T19:58:09","modified_gmt":"2018-04-27T19:58:09","slug":"conformacion-de-grupos-juveniles-y-apoyo-para-una-adolescencia-con-proyeccion","status":"publish","type":"page","link":"https:\/\/fundacionprosperarconstructiva.com\/?page_id=7162","title":{"rendered":"Conformaci\u00f3n de Grupos Juveniles y Apoyo para una Adolescencia con Proyecci\u00f3n"},"content":{"rendered":"<section class=\"l-section wpb_row height_medium\"><div class=\"l-section-h i-cf\"><div class=\"g-cols type_default valign_top\"><div class=\"vc_col-sm-12 wpb_column vc_column_container\"><div class=\"vc_column-inner\"><div class=\"wpb_wrapper\">\n\t<div class=\"wpb_text_column \">\n\t\t<div class=\"wpb_wrapper\">\n\t\t\t<h3><b>Conformaci\u00f3n de Grupos Juveniles y Apoyo para una Adolescencia con Proyecci\u00f3n<\/b><\/h3>\n<h4 style=\"text-align: center;\">ATENCI\u00d3N INTEGRAL EN SALUD SEXUAL Y REPRODUCTIVA, ADICCIONES Y COMPORTAMIENTOS . Programa enfocado hacia\u00a0 la ejecuci\u00f3n de diferentes talleres educativos de prevenci\u00f3n y promoci\u00f3n, orientaci\u00f3n en charlas encaminadas al desarrollo integral del adolescente encaminada a su proyecto de vida.<\/h4>\n\n\t\t<\/div>\n\t<\/div>\n<div class=\"w-image align_center\"><div class=\"w-image-h\"><img loading=\"lazy\" decoding=\"async\" width=\"1240\" height=\"698\" src=\"https:\/\/fundacionprosperarconstructiva.com\/wp-content\/uploads\/2017\/07\/jovenes.jpg\" class=\"attachment-full size-full\" alt=\"\" srcset=\"https:\/\/fundacionprosperarconstructiva.com\/wp-content\/uploads\/2017\/07\/jovenes.jpg 1240w, https:\/\/fundacionprosperarconstructiva.com\/wp-content\/uploads\/2017\/07\/jovenes-300x169.jpg 300w, https:\/\/fundacionprosperarconstructiva.com\/wp-content\/uploads\/2017\/07\/jovenes-768x432.jpg 768w, https:\/\/fundacionprosperarconstructiva.com\/wp-content\/uploads\/2017\/07\/jovenes-1024x576.jpg 1024w, https:\/\/fundacionprosperarconstructiva.com\/wp-content\/uploads\/2017\/07\/jovenes-600x338.jpg 600w\" sizes=\"(max-width: 1240px) 100vw, 1240px\" \/><\/div><\/div><\/div><\/div><\/div><\/div><\/div><\/section>\n","protected":false},"excerpt":{"rendered":"Conformaci\u00f3n de Grupos Juveniles y Apoyo para una Adolescencia con Proyecci\u00f3n ATENCI\u00d3N INTEGRAL EN SALUD SEXUAL Y REPRODUCTIVA, ADICCIONES Y COMPORTAMIENTOS . Programa enfocado hacia\u00a0 la ejecuci\u00f3n de diferentes talleres educativos de prevenci\u00f3n y promoci\u00f3n, orientaci\u00f3n en charlas encaminadas al desarrollo integral del adolescente encaminada a su proyecto de vida.","protected":false},"author":1,"featured_media":0,"parent":7149,"menu_order":4,"comment_status":"closed","ping_status":"closed","template":"","meta":{"_monsterinsights_skip_tracking":false,"_monsterinsights_sitenote_active":false,"_monsterinsights_sitenote_note":"","_monsterinsights_sitenote_category":0,"footnotes":""},"class_list":["post-7162","page","type-page","status-publish","hentry"],"_links":{"self":[{"href":"https:\/\/fundacionprosperarconstructiva.com\/index.php?rest_route=\/wp\/v2\/pages\/7162"}],"collection":[{"href":"https:\/\/fundacionprosperarconstructiva.com\/index.php?rest_route=\/wp\/v2\/pages"}],"about":[{"href":"https:\/\/fundacionprosperarconstructiva.com\/index.php?rest_route=\/wp\/v2\/types\/page"}],"author":[{"embeddable":true,"href":"https:\/\/fundacionprosperarconstructiva.com\/index.php?rest_route=\/wp\/v2\/users\/1"}],"replies":[{"embeddable":true,"href":"https:\/\/fundacionprosperarconstructiva.com\/index.php?rest_route=%2Fwp%2Fv2%2Fcomments&post=7162"}],"version-history":[{"count":1,"href":"https:\/\/fundacionprosperarconstructiva.com\/index.php?rest_route=\/wp\/v2\/pages\/7162\/revisions"}],"predecessor-version":[{"id":7163,"href":"https:\/\/fundacionprosperarconstructiva.com\/index.php?rest_route=\/wp\/v2\/pages\/7162\/revisions\/7163"}],"up":[{"embeddable":true,"href":"https:\/\/fundacionprosperarconstructiva.com\/index.php?rest_route=\/wp\/v2\/pages\/7149"}],"wp:attachment":[{"href":"https:\/\/fundacionprosperarconstructiva.com\/index.php?rest_route=%2Fwp%2Fv2%2Fmedia&parent=7162"}],"curies":[{"name":"wp","href":"https:\/\/api.w.org\/{rel}","templated":true}]}}