{"id":7160,"date":"2018-04-27T19:51:38","date_gmt":"2018-04-27T19:51:38","guid":{"rendered":"https:\/?page_id=7160"},"modified":"2018-04-27T19:57:58","modified_gmt":"2018-04-27T19:57:58","slug":"atencion-al-infante-en-situacion-de-vulnerabilidad-poblacion-nbi","status":"publish","type":"page","link":"https:\/\/fundacionprosperarconstructiva.com\/?page_id=7160","title":{"rendered":"Atenci\u00f3n al Infante en Situaci\u00f3n de Vulnerabilidad Poblaci\u00f3n NBI"},"content":{"rendered":"<section class=\"l-section wpb_row height_medium\"><div class=\"l-section-h i-cf\"><div class=\"g-cols type_default valign_top\"><div class=\"vc_col-sm-12 wpb_column vc_column_container\"><div class=\"vc_column-inner\"><div class=\"wpb_wrapper\">\n\t<div class=\"wpb_text_column \">\n\t\t<div class=\"wpb_wrapper\">\n\t\t\t<h3 style=\"text-align: left;\"><strong>Atenci\u00f3n al Infante en Situaci\u00f3n de Vulnerabilidad\u00a0<\/strong><\/h3>\n<h3 style=\"text-align: left;\"><strong>Poblaci\u00f3n NBI<\/strong><\/h3>\n<h4 style=\"text-align: center;\">Programa enfocado en la atenci\u00f3n de salud, recreaci\u00f3n,\u00a0 Vigilancia del estado nutricional, Fomento de la higiene del ni\u00f1o para prevenir enfermedades infectocontagiosas y vacunaci\u00f3n completa. Identificaci\u00f3n oportuna de la enfermedad diarreica aguda, Estimulaci\u00f3n adecuada, Construcci\u00f3n y fortalecimiento de los lazos afectivo entre padres e hijos.<\/h4>\n\n\t\t<\/div>\n\t<\/div>\n<div class=\"w-image align_center\"><div class=\"w-image-h\"><img loading=\"lazy\" decoding=\"async\" width=\"2980\" height=\"1812\" src=\"https:\/\/fundacionprosperarconstructiva.com\/wp-content\/uploads\/2017\/07\/Foto.jpg\" class=\"attachment-full size-full\" alt=\"\" srcset=\"https:\/\/fundacionprosperarconstructiva.com\/wp-content\/uploads\/2017\/07\/Foto.jpg 2980w, https:\/\/fundacionprosperarconstructiva.com\/wp-content\/uploads\/2017\/07\/Foto-300x182.jpg 300w, https:\/\/fundacionprosperarconstructiva.com\/wp-content\/uploads\/2017\/07\/Foto-768x467.jpg 768w, https:\/\/fundacionprosperarconstructiva.com\/wp-content\/uploads\/2017\/07\/Foto-1024x623.jpg 1024w, https:\/\/fundacionprosperarconstructiva.com\/wp-content\/uploads\/2017\/07\/Foto-600x365.jpg 600w\" sizes=\"(max-width: 2980px) 100vw, 2980px\" \/><\/div><\/div><\/div><\/div><\/div><\/div><\/div><\/section>\n","protected":false},"excerpt":{"rendered":"Atenci\u00f3n al Infante en Situaci\u00f3n de Vulnerabilidad\u00a0 Poblaci\u00f3n NBI Programa enfocado en la atenci\u00f3n de salud, recreaci\u00f3n,\u00a0 Vigilancia del estado nutricional, Fomento de la higiene del ni\u00f1o para prevenir enfermedades infectocontagiosas y vacunaci\u00f3n completa. Identificaci\u00f3n oportuna de la enfermedad diarreica aguda, Estimulaci\u00f3n adecuada, Construcci\u00f3n y fortalecimiento de los lazos afectivo entre padres e hijos.","protected":false},"author":1,"featured_media":0,"parent":7149,"menu_order":3,"comment_status":"closed","ping_status":"closed","template":"","meta":{"_monsterinsights_skip_tracking":false,"_monsterinsights_sitenote_active":false,"_monsterinsights_sitenote_note":"","_monsterinsights_sitenote_category":0,"footnotes":""},"class_list":["post-7160","page","type-page","status-publish","hentry"],"_links":{"self":[{"href":"https:\/\/fundacionprosperarconstructiva.com\/index.php?rest_route=\/wp\/v2\/pages\/7160"}],"collection":[{"href":"https:\/\/fundacionprosperarconstructiva.com\/index.php?rest_route=\/wp\/v2\/pages"}],"about":[{"href":"https:\/\/fundacionprosperarconstructiva.com\/index.php?rest_route=\/wp\/v2\/types\/page"}],"author":[{"embeddable":true,"href":"https:\/\/fundacionprosperarconstructiva.com\/index.php?rest_route=\/wp\/v2\/users\/1"}],"replies":[{"embeddable":true,"href":"https:\/\/fundacionprosperarconstructiva.com\/index.php?rest_route=%2Fwp%2Fv2%2Fcomments&post=7160"}],"version-history":[{"count":1,"href":"https:\/\/fundacionprosperarconstructiva.com\/index.php?rest_route=\/wp\/v2\/pages\/7160\/revisions"}],"predecessor-version":[{"id":7161,"href":"https:\/\/fundacionprosperarconstructiva.com\/index.php?rest_route=\/wp\/v2\/pages\/7160\/revisions\/7161"}],"up":[{"embeddable":true,"href":"https:\/\/fundacionprosperarconstructiva.com\/index.php?rest_route=\/wp\/v2\/pages\/7149"}],"wp:attachment":[{"href":"https:\/\/fundacionprosperarconstructiva.com\/index.php?rest_route=%2Fwp%2Fv2%2Fmedia&parent=7160"}],"curies":[{"name":"wp","href":"https:\/\/api.w.org\/{rel}","templated":true}]}}