{"id":5917,"date":"2015-10-04T22:30:15","date_gmt":"2015-10-04T22:30:15","guid":{"rendered":"https:\/\/?page_id=5917"},"modified":"2018-04-27T17:09:40","modified_gmt":"2018-04-27T17:09:40","slug":"prosperar-constructiva","status":"publish","type":"page","link":"https:\/\/fundacionprosperarconstructiva.com\/?page_id=5917","title":{"rendered":"Fundacion Prosperar Constructiva"},"content":{"rendered":"<section class=\"l-section wpb_row height_medium\"><div class=\"l-section-h i-cf\"><div class=\"g-cols type_default valign_top\"><div class=\"vc_col-sm-12 wpb_column vc_column_container\"><div class=\"vc_column-inner\"><div class=\"wpb_wrapper\">\n\t<div class=\"wpb_text_column \">\n\t\t<div class=\"wpb_wrapper\">\n\t\t\t<div class=\"entry-content clearfix\">\n<h2>FUNDACI\u00d3N PROSPERAR CONSTRUCTIVA<\/h2>\n<h4>La actividad de la Fundaci\u00f3n, se materializa a trav\u00e9s de programas y proyectos concretos, los cuales persiguen la b\u00fasqueda de un impacto social, que permita una mejora real de la calidad de vida de las personas a las que van dirigidos.<\/h4>\n<h4>En definitiva, la Fundaci\u00f3n busca contribuir al bienestar social y en mejorar la calidad de vida de las personas menos favorecidas, convirti\u00e9ndose especialmente en un vinculo de compromiso social.<\/h4>\n<\/div>\n\n\t\t<\/div>\n\t<\/div>\n<div class=\"w-image align_center\"><div class=\"w-image-h\"><img loading=\"lazy\" decoding=\"async\" width=\"1087\" height=\"534\" src=\"https:\/\/fundacionprosperarconstructiva.com\/wp-content\/uploads\/2015\/10\/Sin-nombre.png\" class=\"attachment-full size-full\" alt=\"\" srcset=\"https:\/\/fundacionprosperarconstructiva.com\/wp-content\/uploads\/2015\/10\/Sin-nombre.png 1087w, https:\/\/fundacionprosperarconstructiva.com\/wp-content\/uploads\/2015\/10\/Sin-nombre-300x147.png 300w, https:\/\/fundacionprosperarconstructiva.com\/wp-content\/uploads\/2015\/10\/Sin-nombre-768x377.png 768w, https:\/\/fundacionprosperarconstructiva.com\/wp-content\/uploads\/2015\/10\/Sin-nombre-1024x503.png 1024w, https:\/\/fundacionprosperarconstructiva.com\/wp-content\/uploads\/2015\/10\/Sin-nombre-600x295.png 600w\" sizes=\"(max-width: 1087px) 100vw, 1087px\" \/><\/div><\/div><\/div><\/div><\/div><\/div><\/div><\/section>\n","protected":false},"excerpt":{"rendered":"FUNDACI\u00d3N PROSPERAR CONSTRUCTIVA La actividad de la Fundaci\u00f3n, se materializa a trav\u00e9s de programas y proyectos concretos, los cuales persiguen la b\u00fasqueda de un impacto social, que permita una mejora real de la calidad de vida de las personas a las que van dirigidos. En definitiva, la Fundaci\u00f3n busca contribuir al bienestar social y en...","protected":false},"author":1,"featured_media":0,"parent":5871,"menu_order":0,"comment_status":"closed","ping_status":"closed","template":"","meta":{"_monsterinsights_skip_tracking":false,"_monsterinsights_sitenote_active":false,"_monsterinsights_sitenote_note":"","_monsterinsights_sitenote_category":0,"footnotes":""},"class_list":["post-5917","page","type-page","status-publish","hentry"],"_links":{"self":[{"href":"https:\/\/fundacionprosperarconstructiva.com\/index.php?rest_route=\/wp\/v2\/pages\/5917"}],"collection":[{"href":"https:\/\/fundacionprosperarconstructiva.com\/index.php?rest_route=\/wp\/v2\/pages"}],"about":[{"href":"https:\/\/fundacionprosperarconstructiva.com\/index.php?rest_route=\/wp\/v2\/types\/page"}],"author":[{"embeddable":true,"href":"https:\/\/fundacionprosperarconstructiva.com\/index.php?rest_route=\/wp\/v2\/users\/1"}],"replies":[{"embeddable":true,"href":"https:\/\/fundacionprosperarconstructiva.com\/index.php?rest_route=%2Fwp%2Fv2%2Fcomments&post=5917"}],"version-history":[{"count":8,"href":"https:\/\/fundacionprosperarconstructiva.com\/index.php?rest_route=\/wp\/v2\/pages\/5917\/revisions"}],"predecessor-version":[{"id":7115,"href":"https:\/\/fundacionprosperarconstructiva.com\/index.php?rest_route=\/wp\/v2\/pages\/5917\/revisions\/7115"}],"up":[{"embeddable":true,"href":"https:\/\/fundacionprosperarconstructiva.com\/index.php?rest_route=\/wp\/v2\/pages\/5871"}],"wp:attachment":[{"href":"https:\/\/fundacionprosperarconstructiva.com\/index.php?rest_route=%2Fwp%2Fv2%2Fmedia&parent=5917"}],"curies":[{"name":"wp","href":"https:\/\/api.w.org\/{rel}","templated":true}]}}